{"id":913,"date":"2021-01-29T18:49:23","date_gmt":"2021-01-29T21:49:23","guid":{"rendered":"https:\/\/radiobwr.com.br\/site\/?page_id=913"},"modified":"2021-01-29T23:25:46","modified_gmt":"2021-01-30T02:25:46","slug":"blog","status":"publish","type":"page","link":"https:\/\/radiobwr.com.br\/site\/blog\/","title":{"rendered":"Blog"},"content":{"rendered":"\t\t<div data-elementor-type=\"wp-page\" data-elementor-id=\"913\" class=\"elementor elementor-913\">\n\t\t\t\t\t\t<section class=\"elementor-section elementor-top-section elementor-element elementor-element-cc8efeb elementor-section-height-min-height elementor-section-boxed elementor-section-height-default elementor-section-items-middle\" data-id=\"cc8efeb\" data-element_type=\"section\" data-settings=\"{&quot;background_background&quot;:&quot;classic&quot;}\">\n\t\t\t\t\t\t\t<div class=\"elementor-background-overlay\"><\/div>\n\t\t\t\t\t\t\t<div class=\"elementor-container elementor-column-gap-default\">\n\t\t\t\t\t<div class=\"elementor-column elementor-col-100 elementor-top-column elementor-element elementor-element-33694fc\" data-id=\"33694fc\" data-element_type=\"column\">\n\t\t\t<div class=\"elementor-widget-wrap elementor-element-populated\">\n\t\t\t\t\t\t<div class=\"elementor-element elementor-element-21f24d5 elementor-widget elementor-widget-heading\" data-id=\"21f24d5\" data-element_type=\"widget\" data-widget_type=\"heading.default\">\n\t\t\t\t<div class=\"elementor-widget-container\">\n\t\t\t\t\t<h1 class=\"elementor-heading-title elementor-size-default\">Blog News<\/h1>\t\t\t\t<\/div>\n\t\t\t\t<\/div>\n\t\t\t\t\t<\/div>\n\t\t<\/div>\n\t\t\t\t\t<\/div>\n\t\t<\/section>\n\t\t\t\t<section class=\"elementor-section elementor-top-section elementor-element elementor-element-d44cf5f elementor-section-height-min-height elementor-section-boxed elementor-section-height-default elementor-section-items-middle\" data-id=\"d44cf5f\" data-element_type=\"section\">\n\t\t\t\t\t\t<div class=\"elementor-container elementor-column-gap-default\">\n\t\t\t\t\t<div class=\"elementor-column elementor-col-100 elementor-top-column elementor-element elementor-element-dd8e5f1\" data-id=\"dd8e5f1\" data-element_type=\"column\">\n\t\t\t<div class=\"elementor-widget-wrap elementor-element-populated\">\n\t\t\t\t\t\t<div class=\"elementor-element elementor-element-d642dda elementor-widget elementor-widget-elementskit-blog-posts\" data-id=\"d642dda\" data-element_type=\"widget\" data-widget_type=\"elementskit-blog-posts.default\">\n\t\t\t\t<div class=\"elementor-widget-container\">\n\t\t\t\t\t<div class=\"ekit-wid-con\" >        <div id=\"post-items--d642dda\" class=\"row post-items\">\n                    <div class=\"col-md-12\">\n\n                                    <div class=\"elementskit-blog-block-post\">\n                        <div class=\"row no-gutters\">\n                            \n                            <div class=\"col-md-12 order-2\">\n                                <div class=\"elementskit-post-body \">\n                                    <div class=\"elementskit-entry-header\">\n                                        \n                                                                                            \t\t\t\t\t                                            \n                                            \n                                                                                            \t\t\t\t<h2 class=\"entry-title\">\n\t\t\t\t\t<a href=\"https:\/\/radiobwr.com.br\/site\/podcast\/\">\n\t\t\t\t\t\tPODCAST\t\t\t\t\t<\/a>\n\t\t\t\t<\/h2>\n\t\t\t                                                                                <\/div><!-- .elementskit-entry-header END -->\n\n                                                                            <div class=\"elementskit-post-footer\">\n                                                                                                                                                                                                                            <\/div><!-- .elementskit-post-footer END -->\n                                                                    <\/div><!-- .elementskit-post-body END -->\n                            <\/div>\n                        <\/div>\n                    <\/div><!-- .elementskit-blog-block-post .radius .gradient-bg END -->\n                \n            <\/div>\n                    <div class=\"col-md-12\">\n\n                                    <div class=\"elementskit-blog-block-post\">\n                        <div class=\"row no-gutters\">\n                                                            <div class=\"col-md-6 order-1\">\n                                    <a href=\"https:\/\/radiobwr.com.br\/site\/blue-soul-ten-feat-dennis-lorenzo-2021-this-is-worth-it-greenehouse-music\/\" class=\"elementskit-entry-thumb\">\n                                        <img decoding=\"async\" src=\"https:\/\/radiobwr.com.br\/site\/wp-content\/uploads\/2021\/11\/This-is-worth-it-1024x1024.png\" alt=\"Blue Soul Ten Feat. Dennis Lorenzo [2021] &#8211; This Is Worth It [Greenehouse Music]\">\n                                    <\/a><!-- .elementskit-entry-thumb END -->\n                                <\/div>\n                            \n                            <div class=\"col-md-6 order-2\">\n                                <div class=\"elementskit-post-body \">\n                                    <div class=\"elementskit-entry-header\">\n                                        \n                                                                                            \t\t\t\t\t                                            \n                                            \n                                                                                            \t\t\t\t<h2 class=\"entry-title\">\n\t\t\t\t\t<a href=\"https:\/\/radiobwr.com.br\/site\/blue-soul-ten-feat-dennis-lorenzo-2021-this-is-worth-it-greenehouse-music\/\">\n\t\t\t\t\t\tBlue Soul Ten Feat. Dennis Lorenzo [2021] &#8211; This Is Worth It [Greenehouse Music]\t\t\t\t\t<\/a>\n\t\t\t\t<\/h2>\n\t\t\t                                                                                <\/div><!-- .elementskit-entry-header END -->\n\n                                                                            <div class=\"elementskit-post-footer\">\n                                                                                            <p>Blue Soul Ten, cuja carreira musical se estende por duas d\u00e9cadas, \u00e9 natural de Washington D.C. e come\u00e7ou como DJ de r\u00e1dio e mais tarde estudaria produ\u00e7\u00e3o musical na prestigiosa Berklee College of Music por um breve per\u00edodo.\u00a0\u00a0Sua paix\u00e3o por seu of\u00edcio de escolha pode ser ouvida atrav\u00e9s de sua composi\u00e7\u00e3o, produ\u00e7\u00e3o e colabora\u00e7\u00f5es com &#8230; <a title=\"Blue Soul Ten Feat. Dennis Lorenzo [2021] &#8211; This Is Worth It [Greenehouse Music]\" class=\"read-more\" href=\"https:\/\/radiobwr.com.br\/site\/blue-soul-ten-feat-dennis-lorenzo-2021-this-is-worth-it-greenehouse-music\/\" aria-label=\"Read more about Blue Soul Ten Feat. Dennis Lorenzo [2021] &#8211; This Is Worth It [Greenehouse Music]\">Ler mais<\/a><\/p>\n                                                                                                                                <\/div><!-- .elementskit-post-footer END -->\n                                                                    <\/div><!-- .elementskit-post-body END -->\n                            <\/div>\n                        <\/div>\n                    <\/div><!-- .elementskit-blog-block-post .radius .gradient-bg END -->\n                \n            <\/div>\n                    <div class=\"col-md-12\">\n\n                                    <div class=\"elementskit-blog-block-post\">\n                        <div class=\"row no-gutters\">\n                                                            <div class=\"col-md-6 order-1\">\n                                    <a href=\"https:\/\/radiobwr.com.br\/site\/1142-2\/\" class=\"elementskit-entry-thumb\">\n                                        <img decoding=\"async\" src=\"https:\/\/radiobwr.com.br\/site\/wp-content\/uploads\/2021\/10\/248401761_10221645590903246_5404588097321070098_n.jpg\" alt=\"Renderings: The Alex Di Ci\u00f2 Remixes &#8211; EP di Jody Watley\">\n                                    <\/a><!-- .elementskit-entry-thumb END -->\n                                <\/div>\n                            \n                            <div class=\"col-md-6 order-2\">\n                                <div class=\"elementskit-post-body \">\n                                    <div class=\"elementskit-entry-header\">\n                                        \n                                                                                            \t\t\t\t\t                                            \n                                            \n                                                                                            \t\t\t\t<h2 class=\"entry-title\">\n\t\t\t\t\t<a href=\"https:\/\/radiobwr.com.br\/site\/1142-2\/\">\n\t\t\t\t\t\tRenderings: The Alex Di Ci\u00f2 Remixes &#8211; EP di Jody Watley\t\t\t\t\t<\/a>\n\t\t\t\t<\/h2>\n\t\t\t                                                                                <\/div><!-- .elementskit-entry-header END -->\n\n                                                                            <div class=\"elementskit-post-footer\">\n                                                                                            <p>Jody Watley lan\u00e7a uma cole\u00e7\u00e3o especial de remixes de dan\u00e7a \/ clube de Alex Di Ci\u00f2. Alex Di Ci\u00f2 \u00e9 um produtor e remixer de renome mundial. Seguindo os recentes lan\u00e7amentos aclamados pela cr\u00edtica, The Healing, e o Top 5 UK Soul, Winter Nights EP, Jody Watley traz Renderings EP &#8211; The Alex Di Ci\u00f2 &#8230; <a title=\"Renderings: The Alex Di Ci\u00f2 Remixes &#8211; EP di Jody Watley\" class=\"read-more\" href=\"https:\/\/radiobwr.com.br\/site\/1142-2\/\" aria-label=\"Read more about Renderings: The Alex Di Ci\u00f2 Remixes &#8211; EP di Jody Watley\">Ler mais<\/a><\/p>\n                                                                                                                                <\/div><!-- .elementskit-post-footer END -->\n                                                                    <\/div><!-- .elementskit-post-body END -->\n                            <\/div>\n                        <\/div>\n                    <\/div><!-- .elementskit-blog-block-post .radius .gradient-bg END -->\n                \n            <\/div>\n                    <div class=\"col-md-12\">\n\n                                    <div class=\"elementskit-blog-block-post\">\n                        <div class=\"row no-gutters\">\n                                                            <div class=\"col-md-6 order-1\">\n                                    <a href=\"https:\/\/radiobwr.com.br\/site\/cornell-cc-carter-next-life\/\" class=\"elementskit-entry-thumb\">\n                                        <img decoding=\"async\" src=\"https:\/\/radiobwr.com.br\/site\/wp-content\/uploads\/2021\/10\/241405351_1475083239521244_1903986900206910842_n-1024x1024.jpg\" alt=\"Cornell CC Carter &#8211; Next Life\">\n                                    <\/a><!-- .elementskit-entry-thumb END -->\n                                <\/div>\n                            \n                            <div class=\"col-md-6 order-2\">\n                                <div class=\"elementskit-post-body \">\n                                    <div class=\"elementskit-entry-header\">\n                                        \n                                                                                            \t\t\t\t\t                                            \n                                            \n                                                                                            \t\t\t\t<h2 class=\"entry-title\">\n\t\t\t\t\t<a href=\"https:\/\/radiobwr.com.br\/site\/cornell-cc-carter-next-life\/\">\n\t\t\t\t\t\tCornell CC Carter &#8211; Next Life\t\t\t\t\t<\/a>\n\t\t\t\t<\/h2>\n\t\t\t                                                                                <\/div><!-- .elementskit-entry-header END -->\n\n                                                                            <div class=\"elementskit-post-footer\">\n                                                                                            <p>CDC PRODUCTIONS &amp; IZIPHO SOUL RECORDS est\u00e3o entusiasmados em anunciar o t\u00e3o aguardado \u00e1lbum de Cornell CC Carter! \u00c9 incr\u00edvel o que CC e sua equipe realizaram neste projeto, especialmente durante o grande bloqueio. As m\u00fasicas em &#8216;Next Life&#8217; s\u00e3o produzidas habilmente, a entrega suave e sedosa de Cornell est\u00e1 inextricavelmente entrela\u00e7ada com influ\u00eancias musicais &#8230; <a title=\"Cornell CC Carter &#8211; Next Life\" class=\"read-more\" href=\"https:\/\/radiobwr.com.br\/site\/cornell-cc-carter-next-life\/\" aria-label=\"Read more about Cornell CC Carter &#8211; Next Life\">Ler mais<\/a><\/p>\n                                                                                                                                <\/div><!-- .elementskit-post-footer END -->\n                                                                    <\/div><!-- .elementskit-post-body END -->\n                            <\/div>\n                        <\/div>\n                    <\/div><!-- .elementskit-blog-block-post .radius .gradient-bg END -->\n                \n            <\/div>\n                <\/div>\n       <\/div>\t\t\t\t<\/div>\n\t\t\t\t<\/div>\n\t\t\t\t\t<\/div>\n\t\t<\/div>\n\t\t\t\t\t<\/div>\n\t\t<\/section>\n\t\t\t\t<\/div>\n\t\t","protected":false},"excerpt":{"rendered":"<p>Blog News O que perde a soul music com a morte de sua guardi\u00e3 Sharon Jones Cantora norte americana foi v\u00edtima de c\u00e2ncer. Ela tinha 60 anos. Em maio de 2015, dias antes de sua antol\u00f3gica apresenta\u00e7\u00e3o em Porto Alegre, no Teatro do Bourbon Country, a cantora norte-americana Sharon Jones falou em entrevista a Zero &#8230; <a title=\"Cornell CC Carter &#8211; Next Life\" class=\"read-more\" href=\"https:\/\/radiobwr.com.br\/site\/cornell-cc-carter-next-life\/\" aria-label=\"Read more about Cornell CC Carter &#8211; Next Life\">Ler mais<\/a><\/p>\n","protected":false},"author":1,"featured_media":0,"parent":0,"menu_order":0,"comment_status":"closed","ping_status":"closed","template":"","meta":{"footnotes":""},"class_list":["post-913","page","type-page","status-publish","hentry"],"_links":{"self":[{"href":"https:\/\/radiobwr.com.br\/site\/wp-json\/wp\/v2\/pages\/913","targetHints":{"allow":["GET"]}}],"collection":[{"href":"https:\/\/radiobwr.com.br\/site\/wp-json\/wp\/v2\/pages"}],"about":[{"href":"https:\/\/radiobwr.com.br\/site\/wp-json\/wp\/v2\/types\/page"}],"author":[{"embeddable":true,"href":"https:\/\/radiobwr.com.br\/site\/wp-json\/wp\/v2\/users\/1"}],"replies":[{"embeddable":true,"href":"https:\/\/radiobwr.com.br\/site\/wp-json\/wp\/v2\/comments?post=913"}],"version-history":[{"count":42,"href":"https:\/\/radiobwr.com.br\/site\/wp-json\/wp\/v2\/pages\/913\/revisions"}],"predecessor-version":[{"id":967,"href":"https:\/\/radiobwr.com.br\/site\/wp-json\/wp\/v2\/pages\/913\/revisions\/967"}],"wp:attachment":[{"href":"https:\/\/radiobwr.com.br\/site\/wp-json\/wp\/v2\/media?parent=913"}],"curies":[{"name":"wp","href":"https:\/\/api.w.org\/{rel}","templated":true}]}}